{"id":6035,"date":"2026-02-19T14:25:56","date_gmt":"2026-02-19T13:25:56","guid":{"rendered":"https:\/\/readymarket.place\/?post_type=product&#038;p=6035"},"modified":"2026-02-19T15:00:04","modified_gmt":"2026-02-19T14:00:04","slug":"tutorial-erstellen-schritt-editor","status":"publish","type":"product","link":"https:\/\/readymarket.place\/?product=tutorial-erstellen-schritt-editor","title":{"rendered":"Tutorial erstellen: Schritt-Editor"},"content":{"rendered":"<p>&nbsp;<\/p>\n<p><a href=\"https:\/\/weare.readyplace.net\/public\/tutorial\/69970eaf32971cef3871017c\" target=\"_blank\" rel=\"noopener\">Preview starten<\/a><\/p>\n","protected":false},"excerpt":{"rendered":"<p>In diesem Tutorial wird der &#8222;Schritt-Editor&#8220; der Software erl\u00e4utert. Mit Hilfe des Schritt-Editors k\u00f6nnen Sie Aufnahmen f\u00fcr Ihr Tutorial erstellen und bearbeiten.<\/p>\n","protected":false},"featured_media":6036,"comment_status":"open","ping_status":"closed","template":"","meta":[],"product_brand":[],"product_cat":[65],"product_tag":[],"class_list":{"0":"post-6035","1":"product","2":"type-product","3":"status-publish","4":"has-post-thumbnail","6":"product_cat-sonstiges","8":"first","9":"instock","10":"downloadable","11":"taxable","12":"shipping-taxable","13":"purchasable","14":"product-type-simple"},"_links":{"self":[{"href":"https:\/\/readymarket.place\/index.php?rest_route=\/wp\/v2\/product\/6035","targetHints":{"allow":["GET"]}}],"collection":[{"href":"https:\/\/readymarket.place\/index.php?rest_route=\/wp\/v2\/product"}],"about":[{"href":"https:\/\/readymarket.place\/index.php?rest_route=\/wp\/v2\/types\/product"}],"replies":[{"embeddable":true,"href":"https:\/\/readymarket.place\/index.php?rest_route=%2Fwp%2Fv2%2Fcomments&post=6035"}],"wp:featuredmedia":[{"embeddable":true,"href":"https:\/\/readymarket.place\/index.php?rest_route=\/wp\/v2\/media\/6036"}],"wp:attachment":[{"href":"https:\/\/readymarket.place\/index.php?rest_route=%2Fwp%2Fv2%2Fmedia&parent=6035"}],"wp:term":[{"taxonomy":"product_brand","embeddable":true,"href":"https:\/\/readymarket.place\/index.php?rest_route=%2Fwp%2Fv2%2Fproduct_brand&post=6035"},{"taxonomy":"product_cat","embeddable":true,"href":"https:\/\/readymarket.place\/index.php?rest_route=%2Fwp%2Fv2%2Fproduct_cat&post=6035"},{"taxonomy":"product_tag","embeddable":true,"href":"https:\/\/readymarket.place\/index.php?rest_route=%2Fwp%2Fv2%2Fproduct_tag&post=6035"}],"curies":[{"name":"wp","href":"https:\/\/api.w.org\/{rel}","templated":true}]}}