{"id":5632,"date":"2025-02-28T10:15:06","date_gmt":"2025-02-28T09:15:06","guid":{"rendered":"https:\/\/readymarket.place\/?post_type=product&#038;p=5632"},"modified":"2025-11-26T10:30:57","modified_gmt":"2025-11-26T09:30:57","slug":"outlook-erwaehnungen-in-e-mails","status":"publish","type":"product","link":"https:\/\/readymarket.place\/?product=outlook-erwaehnungen-in-e-mails","title":{"rendered":"Outlook: Erw\u00e4hnungen in E-Mails"},"content":{"rendered":"<p>&nbsp;<\/p>\n<p><a href=\"https:\/\/weare.readyplace.net\/public\/tutorial\/67c17e0a9f43a767ee0e5f26?op=start\" target=\"_blank\" rel=\"noopener\">Preview starten<\/a><\/p>\n","protected":false},"excerpt":{"rendered":"<p>In diesem Tutorial lernen Sie, wie Sie in Microsoft Outlook in E-Mails Personen explizit ansprechen (erw\u00e4hnen), woran Sie E-Mails, in denen Sie erw\u00e4hnt wurden, erkennen k\u00f6nnen und wie Sie E-Mails, in denen Sie erw\u00e4hnt wurden, einfach in Ihrem Postfach finden.<\/p>\n","protected":false},"featured_media":5892,"comment_status":"open","ping_status":"closed","template":"","meta":[],"product_brand":[],"product_cat":[58,66],"product_tag":[],"class_list":{"0":"post-5632","1":"product","2":"type-product","3":"status-publish","4":"has-post-thumbnail","6":"product_cat-outlook","7":"product_cat-ms-365","9":"first","10":"instock","11":"downloadable","12":"taxable","13":"shipping-taxable","14":"purchasable","15":"product-type-simple"},"_links":{"self":[{"href":"https:\/\/readymarket.place\/index.php?rest_route=\/wp\/v2\/product\/5632","targetHints":{"allow":["GET"]}}],"collection":[{"href":"https:\/\/readymarket.place\/index.php?rest_route=\/wp\/v2\/product"}],"about":[{"href":"https:\/\/readymarket.place\/index.php?rest_route=\/wp\/v2\/types\/product"}],"replies":[{"embeddable":true,"href":"https:\/\/readymarket.place\/index.php?rest_route=%2Fwp%2Fv2%2Fcomments&post=5632"}],"wp:featuredmedia":[{"embeddable":true,"href":"https:\/\/readymarket.place\/index.php?rest_route=\/wp\/v2\/media\/5892"}],"wp:attachment":[{"href":"https:\/\/readymarket.place\/index.php?rest_route=%2Fwp%2Fv2%2Fmedia&parent=5632"}],"wp:term":[{"taxonomy":"product_brand","embeddable":true,"href":"https:\/\/readymarket.place\/index.php?rest_route=%2Fwp%2Fv2%2Fproduct_brand&post=5632"},{"taxonomy":"product_cat","embeddable":true,"href":"https:\/\/readymarket.place\/index.php?rest_route=%2Fwp%2Fv2%2Fproduct_cat&post=5632"},{"taxonomy":"product_tag","embeddable":true,"href":"https:\/\/readymarket.place\/index.php?rest_route=%2Fwp%2Fv2%2Fproduct_tag&post=5632"}],"curies":[{"name":"wp","href":"https:\/\/api.w.org\/{rel}","templated":true}]}}