{"id":5620,"date":"2025-02-27T15:10:35","date_gmt":"2025-02-27T14:10:35","guid":{"rendered":"https:\/\/readymarket.place\/?post_type=product&#038;p=5620"},"modified":"2025-11-24T14:05:21","modified_gmt":"2025-11-24T13:05:21","slug":"outlook-quicksteps-erstellen-und-anwenden","status":"publish","type":"product","link":"https:\/\/readymarket.place\/?product=outlook-quicksteps-erstellen-und-anwenden","title":{"rendered":"Outlook: QuickSteps erstellen und anwenden"},"content":{"rendered":"<p>&nbsp;<\/p>\n<p><a href=\"https:\/\/weare.readyplace.net\/public\/tutorial\/67c06b859f43a767ee09f5ac?op=start\" target=\"_blank\" rel=\"noopener\">Preview starten<\/a><\/p>\n","protected":false},"excerpt":{"rendered":"<p>In diesem Tutorial lernen Sie, wie Sie in Microsoft Outlook QuickSteps erstellen und anwenden k\u00f6nnen. Mithilfe der QuickSteps k\u00f6nnen Sie mehrere Aufgaben mit einem Klick ausf\u00fchren k\u00f6nnen, z.B. E-Mails verschieben, markieren oder weiterleiten.<\/p>\n","protected":false},"featured_media":5895,"comment_status":"open","ping_status":"closed","template":"","meta":[],"product_brand":[],"product_cat":[58,66],"product_tag":[],"class_list":{"0":"post-5620","1":"product","2":"type-product","3":"status-publish","4":"has-post-thumbnail","6":"product_cat-outlook","7":"product_cat-ms-365","9":"first","10":"instock","11":"downloadable","12":"taxable","13":"shipping-taxable","14":"purchasable","15":"product-type-simple"},"_links":{"self":[{"href":"https:\/\/readymarket.place\/index.php?rest_route=\/wp\/v2\/product\/5620","targetHints":{"allow":["GET"]}}],"collection":[{"href":"https:\/\/readymarket.place\/index.php?rest_route=\/wp\/v2\/product"}],"about":[{"href":"https:\/\/readymarket.place\/index.php?rest_route=\/wp\/v2\/types\/product"}],"replies":[{"embeddable":true,"href":"https:\/\/readymarket.place\/index.php?rest_route=%2Fwp%2Fv2%2Fcomments&post=5620"}],"wp:featuredmedia":[{"embeddable":true,"href":"https:\/\/readymarket.place\/index.php?rest_route=\/wp\/v2\/media\/5895"}],"wp:attachment":[{"href":"https:\/\/readymarket.place\/index.php?rest_route=%2Fwp%2Fv2%2Fmedia&parent=5620"}],"wp:term":[{"taxonomy":"product_brand","embeddable":true,"href":"https:\/\/readymarket.place\/index.php?rest_route=%2Fwp%2Fv2%2Fproduct_brand&post=5620"},{"taxonomy":"product_cat","embeddable":true,"href":"https:\/\/readymarket.place\/index.php?rest_route=%2Fwp%2Fv2%2Fproduct_cat&post=5620"},{"taxonomy":"product_tag","embeddable":true,"href":"https:\/\/readymarket.place\/index.php?rest_route=%2Fwp%2Fv2%2Fproduct_tag&post=5620"}],"curies":[{"name":"wp","href":"https:\/\/api.w.org\/{rel}","templated":true}]}}