{"id":5602,"date":"2025-01-28T18:17:14","date_gmt":"2025-01-28T17:17:14","guid":{"rendered":"https:\/\/readymarket.place\/?post_type=product&#038;p=5602"},"modified":"2025-11-24T14:05:21","modified_gmt":"2025-11-24T13:05:21","slug":"outlook-e-mail-als-termin-besprechung-abspeichern","status":"publish","type":"product","link":"https:\/\/readymarket.place\/?product=outlook-e-mail-als-termin-besprechung-abspeichern","title":{"rendered":"Outlook: E-Mail als Termin\/Besprechung abspeichern"},"content":{"rendered":"<p>&nbsp;<\/p>\n<p><a href=\"https:\/\/weare.readyplace.net\/public\/tutorial\/6924380e7e8565fc33ab9499\">Preview starten<\/a><\/p>\n<p>&nbsp;<\/p>\n<p>&nbsp;<\/p>\n","protected":false},"excerpt":{"rendered":"<p>In diesem Tutorial lernen Sie, wie Sie eine E-Mail als Grundlage f\u00fcr einen Termin bzw. eine Besprechung abspeichern k\u00f6nnen. Hierbei k\u00f6nnen Sie eine beliebige E-Mail an Ihrem PC verwenden.<\/p>\n","protected":false},"featured_media":5881,"comment_status":"open","ping_status":"closed","template":"","meta":[],"product_brand":[],"product_cat":[58,66],"product_tag":[],"class_list":{"0":"post-5602","1":"product","2":"type-product","3":"status-publish","4":"has-post-thumbnail","6":"product_cat-outlook","7":"product_cat-ms-365","9":"first","10":"instock","11":"downloadable","12":"taxable","13":"shipping-taxable","14":"purchasable","15":"product-type-simple"},"_links":{"self":[{"href":"https:\/\/readymarket.place\/index.php?rest_route=\/wp\/v2\/product\/5602","targetHints":{"allow":["GET"]}}],"collection":[{"href":"https:\/\/readymarket.place\/index.php?rest_route=\/wp\/v2\/product"}],"about":[{"href":"https:\/\/readymarket.place\/index.php?rest_route=\/wp\/v2\/types\/product"}],"replies":[{"embeddable":true,"href":"https:\/\/readymarket.place\/index.php?rest_route=%2Fwp%2Fv2%2Fcomments&post=5602"}],"wp:featuredmedia":[{"embeddable":true,"href":"https:\/\/readymarket.place\/index.php?rest_route=\/wp\/v2\/media\/5881"}],"wp:attachment":[{"href":"https:\/\/readymarket.place\/index.php?rest_route=%2Fwp%2Fv2%2Fmedia&parent=5602"}],"wp:term":[{"taxonomy":"product_brand","embeddable":true,"href":"https:\/\/readymarket.place\/index.php?rest_route=%2Fwp%2Fv2%2Fproduct_brand&post=5602"},{"taxonomy":"product_cat","embeddable":true,"href":"https:\/\/readymarket.place\/index.php?rest_route=%2Fwp%2Fv2%2Fproduct_cat&post=5602"},{"taxonomy":"product_tag","embeddable":true,"href":"https:\/\/readymarket.place\/index.php?rest_route=%2Fwp%2Fv2%2Fproduct_tag&post=5602"}],"curies":[{"name":"wp","href":"https:\/\/api.w.org\/{rel}","templated":true}]}}