{"id":5599,"date":"2025-01-28T18:05:09","date_gmt":"2025-01-28T17:05:09","guid":{"rendered":"https:\/\/readymarket.place\/?post_type=product&#038;p=5599"},"modified":"2025-11-24T14:05:22","modified_gmt":"2025-11-24T13:05:22","slug":"outlook-benachrichtigungen-auf-laptop-pc-anpassen","status":"publish","type":"product","link":"https:\/\/readymarket.place\/?product=outlook-benachrichtigungen-auf-laptop-pc-anpassen","title":{"rendered":"Outlook: Benachrichtigungen auf Laptop\/PC anpassen"},"content":{"rendered":"<p>&nbsp;<\/p>\n<p><a href=\"https:\/\/weare.readyplace.net\/public\/tutorial\/692433fa7e8565fc33a9257d\" target=\"_blank\" rel=\"noopener\">Preview starten<\/a><\/p>\n","protected":false},"excerpt":{"rendered":"<p>In diesem Tutorial lernen Sie, wie Sie die Benachrichtigungen von Microsoft Outlook auf Ihrem Laptop\/PC anpassen k\u00f6nnen. Hierzu geh\u00f6rten, Sound, Symbole in der Taskleiste, Desktopbenachrichtigungen oder Ver\u00e4nderungen des Mauszeigers.<\/p>\n","protected":false},"featured_media":5879,"comment_status":"open","ping_status":"closed","template":"","meta":[],"product_brand":[],"product_cat":[58,66],"product_tag":[],"class_list":{"0":"post-5599","1":"product","2":"type-product","3":"status-publish","4":"has-post-thumbnail","6":"product_cat-outlook","7":"product_cat-ms-365","9":"first","10":"instock","11":"downloadable","12":"taxable","13":"shipping-taxable","14":"purchasable","15":"product-type-simple"},"_links":{"self":[{"href":"https:\/\/readymarket.place\/index.php?rest_route=\/wp\/v2\/product\/5599","targetHints":{"allow":["GET"]}}],"collection":[{"href":"https:\/\/readymarket.place\/index.php?rest_route=\/wp\/v2\/product"}],"about":[{"href":"https:\/\/readymarket.place\/index.php?rest_route=\/wp\/v2\/types\/product"}],"replies":[{"embeddable":true,"href":"https:\/\/readymarket.place\/index.php?rest_route=%2Fwp%2Fv2%2Fcomments&post=5599"}],"wp:featuredmedia":[{"embeddable":true,"href":"https:\/\/readymarket.place\/index.php?rest_route=\/wp\/v2\/media\/5879"}],"wp:attachment":[{"href":"https:\/\/readymarket.place\/index.php?rest_route=%2Fwp%2Fv2%2Fmedia&parent=5599"}],"wp:term":[{"taxonomy":"product_brand","embeddable":true,"href":"https:\/\/readymarket.place\/index.php?rest_route=%2Fwp%2Fv2%2Fproduct_brand&post=5599"},{"taxonomy":"product_cat","embeddable":true,"href":"https:\/\/readymarket.place\/index.php?rest_route=%2Fwp%2Fv2%2Fproduct_cat&post=5599"},{"taxonomy":"product_tag","embeddable":true,"href":"https:\/\/readymarket.place\/index.php?rest_route=%2Fwp%2Fv2%2Fproduct_tag&post=5599"}],"curies":[{"name":"wp","href":"https:\/\/api.w.org\/{rel}","templated":true}]}}