{"id":5595,"date":"2025-01-28T17:57:48","date_gmt":"2025-01-28T16:57:48","guid":{"rendered":"https:\/\/readymarket.place\/?post_type=product&#038;p=5595"},"modified":"2025-11-24T14:05:22","modified_gmt":"2025-11-24T13:05:22","slug":"outlook-automatische-antwort-abwesenheitsbenachrichtigung-versenden","status":"publish","type":"product","link":"https:\/\/readymarket.place\/?product=outlook-automatische-antwort-abwesenheitsbenachrichtigung-versenden","title":{"rendered":"Outlook: Automatische Antwort und Abwesenheitsbenachrichtigung"},"content":{"rendered":"<p>&nbsp;<\/p>\n<p><a href=\"https:\/\/weare.readyplace.net\/public\/tutorial\/69243dee7e8565fc33ae5d94\" target=\"_blank\" rel=\"noopener\">Preview starten<\/a><\/p>\n<p>&nbsp;<\/p>\n","protected":false},"excerpt":{"rendered":"<p>Dieses Tutorial zeigt, wie Sie in Outlook automatische Antworten einrichten \u2013 etwa f\u00fcr Abwesenheitsnotizen f\u00fcr den Urlaub oder um bei hohem E-Mail-Aufkommen auf Verz\u00f6gerungen hinzuweisen.<\/p>\n","protected":false},"featured_media":5885,"comment_status":"open","ping_status":"closed","template":"","meta":[],"product_brand":[],"product_cat":[58,66],"product_tag":[],"class_list":{"0":"post-5595","1":"product","2":"type-product","3":"status-publish","4":"has-post-thumbnail","6":"product_cat-outlook","7":"product_cat-ms-365","9":"first","10":"instock","11":"downloadable","12":"taxable","13":"shipping-taxable","14":"purchasable","15":"product-type-simple"},"_links":{"self":[{"href":"https:\/\/readymarket.place\/index.php?rest_route=\/wp\/v2\/product\/5595","targetHints":{"allow":["GET"]}}],"collection":[{"href":"https:\/\/readymarket.place\/index.php?rest_route=\/wp\/v2\/product"}],"about":[{"href":"https:\/\/readymarket.place\/index.php?rest_route=\/wp\/v2\/types\/product"}],"replies":[{"embeddable":true,"href":"https:\/\/readymarket.place\/index.php?rest_route=%2Fwp%2Fv2%2Fcomments&post=5595"}],"wp:featuredmedia":[{"embeddable":true,"href":"https:\/\/readymarket.place\/index.php?rest_route=\/wp\/v2\/media\/5885"}],"wp:attachment":[{"href":"https:\/\/readymarket.place\/index.php?rest_route=%2Fwp%2Fv2%2Fmedia&parent=5595"}],"wp:term":[{"taxonomy":"product_brand","embeddable":true,"href":"https:\/\/readymarket.place\/index.php?rest_route=%2Fwp%2Fv2%2Fproduct_brand&post=5595"},{"taxonomy":"product_cat","embeddable":true,"href":"https:\/\/readymarket.place\/index.php?rest_route=%2Fwp%2Fv2%2Fproduct_cat&post=5595"},{"taxonomy":"product_tag","embeddable":true,"href":"https:\/\/readymarket.place\/index.php?rest_route=%2Fwp%2Fv2%2Fproduct_tag&post=5595"}],"curies":[{"name":"wp","href":"https:\/\/api.w.org\/{rel}","templated":true}]}}