{"id":5543,"date":"2025-01-27T10:14:25","date_gmt":"2025-01-27T09:14:25","guid":{"rendered":"https:\/\/readymarket.place\/?post_type=product&#038;p=5543"},"modified":"2025-11-24T13:51:22","modified_gmt":"2025-11-24T12:51:22","slug":"aus-e-mail-eine-aufgabe-erstellen","status":"publish","type":"product","link":"https:\/\/readymarket.place\/?product=aus-e-mail-eine-aufgabe-erstellen","title":{"rendered":"Outlook: Aus einer E-Mail eine Aufgabe erstellen"},"content":{"rendered":"<p>&nbsp;<\/p>\n<p><a href=\"https:\/\/weare.readyplace.net\/public\/tutorial\/67974e54a7f18d5822a739ca?op=start\" target=\"_blank\" rel=\"noopener\">Preview starten<\/a><\/p>\n","protected":false},"excerpt":{"rendered":"<p>In diesem Tutorial wird erkl\u00e4rt, wie Sie eine E-Mail zur Nachverfolgung markieren k\u00f6nnen. Dies bedeutet, dass aus der E-Mail eine Aufgabe generiert wird. Au\u00dferdem wird Ihnen gezeigt, wie Sie die Nachverfolgung deaktivieren, sowie als erledigt angeben k\u00f6nnen.<\/p>\n","protected":false},"featured_media":5877,"comment_status":"open","ping_status":"closed","template":"","meta":[],"product_brand":[],"product_cat":[58,66],"product_tag":[],"class_list":{"0":"post-5543","1":"product","2":"type-product","3":"status-publish","4":"has-post-thumbnail","6":"product_cat-outlook","7":"product_cat-ms-365","9":"first","10":"instock","11":"downloadable","12":"taxable","13":"shipping-taxable","14":"purchasable","15":"product-type-simple"},"_links":{"self":[{"href":"https:\/\/readymarket.place\/index.php?rest_route=\/wp\/v2\/product\/5543","targetHints":{"allow":["GET"]}}],"collection":[{"href":"https:\/\/readymarket.place\/index.php?rest_route=\/wp\/v2\/product"}],"about":[{"href":"https:\/\/readymarket.place\/index.php?rest_route=\/wp\/v2\/types\/product"}],"replies":[{"embeddable":true,"href":"https:\/\/readymarket.place\/index.php?rest_route=%2Fwp%2Fv2%2Fcomments&post=5543"}],"wp:featuredmedia":[{"embeddable":true,"href":"https:\/\/readymarket.place\/index.php?rest_route=\/wp\/v2\/media\/5877"}],"wp:attachment":[{"href":"https:\/\/readymarket.place\/index.php?rest_route=%2Fwp%2Fv2%2Fmedia&parent=5543"}],"wp:term":[{"taxonomy":"product_brand","embeddable":true,"href":"https:\/\/readymarket.place\/index.php?rest_route=%2Fwp%2Fv2%2Fproduct_brand&post=5543"},{"taxonomy":"product_cat","embeddable":true,"href":"https:\/\/readymarket.place\/index.php?rest_route=%2Fwp%2Fv2%2Fproduct_cat&post=5543"},{"taxonomy":"product_tag","embeddable":true,"href":"https:\/\/readymarket.place\/index.php?rest_route=%2Fwp%2Fv2%2Fproduct_tag&post=5543"}],"curies":[{"name":"wp","href":"https:\/\/api.w.org\/{rel}","templated":true}]}}