{"id":5362,"date":"2024-12-25T18:57:44","date_gmt":"2024-12-25T17:57:44","guid":{"rendered":"https:\/\/readymarket.place\/?page_id=5362"},"modified":"2024-12-31T14:42:45","modified_gmt":"2024-12-31T13:42:45","slug":"impressum","status":"publish","type":"page","link":"https:\/\/readymarket.place\/?page_id=5362","title":{"rendered":"Impressum"},"content":{"rendered":"<h3 class=\"\" style=\"box-sizing: border-box; font-family: var(--h3_typography-font-family); font-weight: var(--h3_typography-font-weight); line-height: 1.3; letter-spacing: normal; text-transform: none; font-style: normal; font-size: var(--h3_typography-font-size); color: var(--h3_typography-color); margin-top: var(--h3_typography-margin-top); margin-bottom: var(--h3_typography-margin-bottom); font-variant-ligatures: normal; font-variant-caps: normal; orphans: 2; text-align: start; text-indent: 0px; widows: 2; word-spacing: 0px; -webkit-text-stroke-width: 0px; white-space: normal; background-color: #ffffff; text-decoration-thickness: initial; text-decoration-style: initial; text-decoration-color: initial; --fontsize: 32;\" data-fontsize=\"32\" data-lineheight=\"41.6px\">Angaben gem\u00e4\u00df \u00a7 5 TMG<\/h3>\n<p style=\"box-sizing: border-box; margin: 0px 0px 20px; color: #4a4e57; font-family: Assistant; font-size: 16px; font-style: normal; font-variant-ligatures: normal; font-variant-caps: normal; font-weight: 400; letter-spacing: normal; orphans: 2; text-align: start; text-indent: 0px; text-transform: none; widows: 2; word-spacing: 0px; -webkit-text-stroke-width: 0px; white-space: normal; background-color: #ffffff; text-decoration-thickness: initial; text-decoration-style: initial; text-decoration-color: initial;\">readyplace AG<br style=\"box-sizing: border-box;\" \/>Donnerschweer Str. 79<br \/>\n26123 Oldenburg<\/p>\n<p style=\"box-sizing: border-box; margin: 0px 0px 20px; color: #4a4e57; font-family: Assistant; font-size: 16px; font-style: normal; font-variant-ligatures: normal; font-variant-caps: normal; font-weight: 400; letter-spacing: normal; orphans: 2; text-align: start; text-indent: 0px; text-transform: none; widows: 2; word-spacing: 0px; -webkit-text-stroke-width: 0px; white-space: normal; background-color: #ffffff; text-decoration-thickness: initial; text-decoration-style: initial; text-decoration-color: initial;\">Handelsregister: HRB 219772<br style=\"box-sizing: border-box;\" \/>Registergericht: Amtsgericht Oldenburg<\/p>\n<p style=\"box-sizing: border-box; margin: 0px 0px 20px; color: #4a4e57; font-family: Assistant; font-size: 16px; font-style: normal; font-variant-ligatures: normal; font-variant-caps: normal; font-weight: 400; letter-spacing: normal; orphans: 2; text-align: start; text-indent: 0px; text-transform: none; widows: 2; word-spacing: 0px; -webkit-text-stroke-width: 0px; white-space: normal; background-color: #ffffff; text-decoration-thickness: initial; text-decoration-style: initial; text-decoration-color: initial;\">Vorstand: Maximilian Hipp, Heiko Jabusch, Jens Treskatis<br \/>\nVorsitzender des Aufsichtsrats: Lars R\u00f6wekamp<\/p>\n<h3 class=\"\" style=\"box-sizing: border-box; font-family: var(--h3_typography-font-family); font-weight: var(--h3_typography-font-weight); line-height: 1.3; letter-spacing: normal; text-transform: none; font-style: normal; font-size: var(--h3_typography-font-size); color: var(--h3_typography-color); margin-top: var(--h3_typography-margin-top); margin-bottom: var(--h3_typography-margin-bottom); font-variant-ligatures: normal; font-variant-caps: normal; orphans: 2; text-align: start; text-indent: 0px; widows: 2; word-spacing: 0px; -webkit-text-stroke-width: 0px; white-space: normal; background-color: #ffffff; text-decoration-thickness: initial; text-decoration-style: initial; text-decoration-color: initial; --fontsize: 32;\" data-fontsize=\"32\" data-lineheight=\"41.6px\">Kontakt<\/h3>\n<p style=\"box-sizing: border-box; margin: 0px 0px 20px; color: #4a4e57; font-family: Assistant; font-size: 16px; font-style: normal; font-variant-ligatures: normal; font-variant-caps: normal; font-weight: 400; letter-spacing: normal; orphans: 2; text-align: start; text-indent: 0px; text-transform: none; widows: 2; word-spacing: 0px; -webkit-text-stroke-width: 0px; white-space: normal; background-color: #ffffff; text-decoration-thickness: initial; text-decoration-style: initial; text-decoration-color: initial;\">Telefon: +49 441 559 777 \u2013 0\u00a0<br style=\"box-sizing: border-box;\" \/>E-Mail: impressum@readyplace.net<\/p>\n<h3 class=\"\" style=\"box-sizing: border-box; font-family: var(--h3_typography-font-family); font-weight: var(--h3_typography-font-weight); line-height: 1.3; letter-spacing: normal; text-transform: none; font-style: normal; font-size: var(--h3_typography-font-size); color: var(--h3_typography-color); margin-top: var(--h3_typography-margin-top); margin-bottom: var(--h3_typography-margin-bottom); font-variant-ligatures: normal; font-variant-caps: normal; orphans: 2; text-align: start; text-indent: 0px; widows: 2; word-spacing: 0px; -webkit-text-stroke-width: 0px; white-space: normal; background-color: #ffffff; text-decoration-thickness: initial; text-decoration-style: initial; text-decoration-color: initial; --fontsize: 32;\" data-fontsize=\"32\" data-lineheight=\"41.6px\">Umsatzsteuer-ID<\/h3>\n<p style=\"box-sizing: border-box; margin: 0px 0px 20px; color: #4a4e57; font-family: Assistant; font-size: 16px; font-style: normal; font-variant-ligatures: normal; font-variant-caps: normal; font-weight: 400; letter-spacing: normal; orphans: 2; text-align: start; text-indent: 0px; text-transform: none; widows: 2; word-spacing: 0px; -webkit-text-stroke-width: 0px; white-space: normal; background-color: #ffffff; text-decoration-thickness: initial; text-decoration-style: initial; text-decoration-color: initial;\">Umsatzsteuer-Identifikationsnummer gem\u00e4\u00df \u00a727 a Umsatzsteuergesetz:<br style=\"box-sizing: border-box;\" \/>DE 321 090 364<\/p>\n<p style=\"box-sizing: border-box; margin: 0px 0px 20px; color: #4a4e57; font-family: Assistant; font-size: 16px; font-style: normal; font-variant-ligatures: normal; font-variant-caps: normal; font-weight: 400; letter-spacing: normal; orphans: 2; text-align: start; text-indent: 0px; text-transform: none; widows: 2; word-spacing: 0px; -webkit-text-stroke-width: 0px; white-space: normal; background-color: #ffffff; text-decoration-thickness: initial; text-decoration-style: initial; text-decoration-color: initial;\">Wir sind nicht bereit oder verpflichtet, an Streitbeilegungsverfahren vor einer Verbraucherschlichtungsstelle teilzunehmen.<\/p>\n<h3 class=\"\" style=\"box-sizing: border-box; font-family: var(--h3_typography-font-family); font-weight: var(--h3_typography-font-weight); line-height: 1.3; letter-spacing: normal; text-transform: none; font-style: normal; font-size: var(--h3_typography-font-size); color: var(--h3_typography-color); margin-top: var(--h3_typography-margin-top); margin-bottom: var(--h3_typography-margin-bottom); font-variant-ligatures: normal; font-variant-caps: normal; orphans: 2; text-align: start; text-indent: 0px; widows: 2; word-spacing: 0px; -webkit-text-stroke-width: 0px; white-space: normal; background-color: #ffffff; text-decoration-thickness: initial; text-decoration-style: initial; text-decoration-color: initial; --fontsize: 32;\" data-fontsize=\"32\" data-lineheight=\"41.6px\">Haftung f\u00fcr Inhalte<\/h3>\n<p style=\"box-sizing: border-box; margin: 0px 0px 20px; color: #4a4e57; font-family: Assistant; font-size: 16px; font-style: normal; font-variant-ligatures: normal; font-variant-caps: normal; font-weight: 400; letter-spacing: normal; orphans: 2; text-align: start; text-indent: 0px; text-transform: none; widows: 2; word-spacing: 0px; -webkit-text-stroke-width: 0px; white-space: normal; background-color: #ffffff; text-decoration-thickness: initial; text-decoration-style: initial; text-decoration-color: initial;\">Als Diensteanbieter sind wir gem\u00e4\u00df \u00a7 7 Abs.1 TMG f\u00fcr eigene Inhalte auf diesen Seiten nach den allgemeinen Gesetzen verantwortlich. Nach \u00a7\u00a7 8 bis 10 TMG sind wir als Diensteanbieter jedoch nicht verpflichtet, \u00fcbermittelte oder gespeicherte fremde Informationen zu \u00fcberwachen oder nach Umst\u00e4nden zu forschen, die auf eine rechtswidrige T\u00e4tigkeit hinweisen.<\/p>\n<p style=\"box-sizing: border-box; margin: 0px 0px 20px; color: #4a4e57; font-family: Assistant; font-size: 16px; font-style: normal; font-variant-ligatures: normal; font-variant-caps: normal; font-weight: 400; letter-spacing: normal; orphans: 2; text-align: start; text-indent: 0px; text-transform: none; widows: 2; word-spacing: 0px; -webkit-text-stroke-width: 0px; white-space: normal; background-color: #ffffff; text-decoration-thickness: initial; text-decoration-style: initial; text-decoration-color: initial;\">Verpflichtungen zur Entfernung oder Sperrung der Nutzung von Informationen nach den allgemeinen Gesetzen bleiben hiervon unber\u00fchrt. Eine diesbez\u00fcgliche Haftung ist jedoch erst ab dem Zeitpunkt der Kenntnis einer konkreten Rechtsverletzung m\u00f6glich. Bei Bekanntwerden von entsprechenden Rechtsverletzungen werden wir diese Inhalte umgehend entfernen.<\/p>\n<h3 class=\"\" style=\"box-sizing: border-box; font-family: var(--h3_typography-font-family); font-weight: var(--h3_typography-font-weight); line-height: 1.3; letter-spacing: normal; text-transform: none; font-style: normal; font-size: var(--h3_typography-font-size); color: var(--h3_typography-color); margin-top: var(--h3_typography-margin-top); margin-bottom: var(--h3_typography-margin-bottom); font-variant-ligatures: normal; font-variant-caps: normal; orphans: 2; text-align: start; text-indent: 0px; widows: 2; word-spacing: 0px; -webkit-text-stroke-width: 0px; white-space: normal; background-color: #ffffff; text-decoration-thickness: initial; text-decoration-style: initial; text-decoration-color: initial; --fontsize: 32;\" data-fontsize=\"32\" data-lineheight=\"41.6px\">Haftung f\u00fcr Links<\/h3>\n<p style=\"box-sizing: border-box; margin: 0px 0px 20px; color: #4a4e57; font-family: Assistant; font-size: 16px; font-style: normal; font-variant-ligatures: normal; font-variant-caps: normal; font-weight: 400; letter-spacing: normal; orphans: 2; text-align: start; text-indent: 0px; text-transform: none; widows: 2; word-spacing: 0px; -webkit-text-stroke-width: 0px; white-space: normal; background-color: #ffffff; text-decoration-thickness: initial; text-decoration-style: initial; text-decoration-color: initial;\">Unser Angebot enth\u00e4lt Links zu externen Websites Dritter, auf deren Inhalte wir keinen Einfluss haben. Deshalb k\u00f6nnen wir f\u00fcr diese fremden Inhalte auch keine Gew\u00e4hr \u00fcbernehmen. F\u00fcr die Inhalte der verlinkten Seiten ist stets der jeweilige Anbieter oder Betreiber der Seiten verantwortlich. Die verlinkten Seiten wurden zum Zeitpunkt der Verlinkung auf m\u00f6gliche Rechtsverst\u00f6\u00dfe \u00fcberpr\u00fcft. Rechtswidrige Inhalte waren zum Zeitpunkt der Verlinkung nicht erkennbar.<\/p>\n<p style=\"box-sizing: border-box; margin: 0px 0px 20px; color: #4a4e57; font-family: Assistant; font-size: 16px; font-style: normal; font-variant-ligatures: normal; font-variant-caps: normal; font-weight: 400; letter-spacing: normal; orphans: 2; text-align: start; text-indent: 0px; text-transform: none; widows: 2; word-spacing: 0px; -webkit-text-stroke-width: 0px; white-space: normal; background-color: #ffffff; text-decoration-thickness: initial; text-decoration-style: initial; text-decoration-color: initial;\">Eine permanente inhaltliche Kontrolle der verlinkten Seiten ist jedoch ohne konkrete Anhaltspunkte einer Rechtsverletzung nicht zumutbar. Bei Bekanntwerden von Rechtsverletzungen werden wir derartige Links umgehend entfernen.<\/p>\n<h3 class=\"\" style=\"box-sizing: border-box; font-family: var(--h3_typography-font-family); font-weight: var(--h3_typography-font-weight); line-height: 1.3; letter-spacing: normal; text-transform: none; font-style: normal; font-size: var(--h3_typography-font-size); color: var(--h3_typography-color); margin-top: var(--h3_typography-margin-top); margin-bottom: var(--h3_typography-margin-bottom); font-variant-ligatures: normal; font-variant-caps: normal; orphans: 2; text-align: start; text-indent: 0px; widows: 2; word-spacing: 0px; -webkit-text-stroke-width: 0px; white-space: normal; background-color: #ffffff; text-decoration-thickness: initial; text-decoration-style: initial; text-decoration-color: initial; --fontsize: 32;\" data-fontsize=\"32\" data-lineheight=\"41.6px\">Urheberrecht<\/h3>\n<p style=\"box-sizing: border-box; margin: 0px 0px 20px; color: #4a4e57; font-family: Assistant; font-size: 16px; font-style: normal; font-variant-ligatures: normal; font-variant-caps: normal; font-weight: 400; letter-spacing: normal; orphans: 2; text-align: start; text-indent: 0px; text-transform: none; widows: 2; word-spacing: 0px; -webkit-text-stroke-width: 0px; white-space: normal; background-color: #ffffff; text-decoration-thickness: initial; text-decoration-style: initial; text-decoration-color: initial;\">Die durch die Seitenbetreiber erstellten Inhalte und Werke auf diesen Seiten unterliegen dem deutschen Urheberrecht. Die Vervielf\u00e4ltigung, Bearbeitung, Verbreitung und jede Art der Verwertung au\u00dferhalb der Grenzen des Urheberrechtes bed\u00fcrfen der schriftlichen Zustimmung des jeweiligen Autors bzw. Erstellers. Downloads und Kopien dieser Seite sind nur f\u00fcr den privaten, nicht kommerziellen Gebrauch gestattet.<\/p>\n<p style=\"box-sizing: border-box; margin: 0px 0px 20px; color: #4a4e57; font-family: Assistant; font-size: 16px; font-style: normal; font-variant-ligatures: normal; font-variant-caps: normal; font-weight: 400; letter-spacing: normal; orphans: 2; text-align: start; text-indent: 0px; text-transform: none; widows: 2; word-spacing: 0px; -webkit-text-stroke-width: 0px; white-space: normal; background-color: #ffffff; text-decoration-thickness: initial; text-decoration-style: initial; text-decoration-color: initial;\">Soweit die Inhalte auf dieser Seite nicht vom Betreiber erstellt wurden, werden die Urheberrechte Dritter beachtet. Insbesondere werden Inhalte Dritter als solche gekennzeichnet. Sollten Sie trotzdem auf eine Urheberrechtsverletzung aufmerksam werden, bitten wir um einen entsprechenden Hinweis. Bei Bekanntwerden von Rechtsverletzungen werden wir derartige Inhalte umgehend entfernen.<\/p>\n<p style=\"box-sizing: border-box; margin: 0px 0px 20px; color: #4a4e57; font-family: Assistant; font-size: 16px; font-style: normal; font-variant-ligatures: normal; font-variant-caps: normal; font-weight: 400; letter-spacing: normal; orphans: 2; text-align: start; text-indent: 0px; text-transform: none; widows: 2; word-spacing: 0px; -webkit-text-stroke-width: 0px; white-space: normal; background-color: #ffffff; text-decoration-thickness: initial; text-decoration-style: initial; text-decoration-color: initial;\">Quelle:\u00a0<a style=\"box-sizing: border-box; text-decoration: none; transition-property: color, background-color, border-color; transition-duration: 0.2s; transition-timing-function: linear; color: var(--link_color);\" href=\"https:\/\/www.e-recht24.de\/\">eRecht24<img decoding=\"async\" class=\"lazyload wp-image-5363 alignnone size-medium\" src=\"http:\/\/readymarket.place\/wp-content\/uploads\/2024\/12\/Pasted-2.png\" data-orig-src=\"http:\/\/readymarket.place\/wp-content\/uploads\/2024\/12\/Pasted-2.png\" alt=\"\" width=\"128\" height=\"128\" srcset=\"data:image\/svg+xml,%3Csvg%20xmlns%3D%27http%3A%2F%2Fwww.w3.org%2F2000%2Fsvg%27%20width%3D%27128%27%20height%3D%27128%27%20viewBox%3D%270%200%20128%20128%27%3E%3Crect%20width%3D%27128%27%20height%3D%27128%27%20fill-opacity%3D%220%22%2F%3E%3C%2Fsvg%3E\" data-srcset=\"https:\/\/readymarket.place\/wp-content\/uploads\/2024\/12\/Pasted-2-66x66.png 66w, https:\/\/readymarket.place\/wp-content\/uploads\/2024\/12\/Pasted-2.png 128w\" data-sizes=\"auto\" data-orig-sizes=\"(max-width: 128px) 100vw, 128px\" \/><\/a><\/p>\n","protected":false},"excerpt":{"rendered":"<p>Angaben gem\u00e4\u00df \u00a7 5 TMG readyplace AGDonnerschweer Str. 79 26123 Oldenburg Handelsregister: HRB 219772Registergericht: Amtsgericht Oldenburg Vorstand: Maximilian Hipp, Heiko [&hellip;]<\/p>\n","protected":false},"author":1,"featured_media":0,"parent":0,"menu_order":0,"comment_status":"closed","ping_status":"closed","template":"","meta":{"footnotes":""},"class_list":["post-5362","page","type-page","status-publish","hentry"],"_links":{"self":[{"href":"https:\/\/readymarket.place\/index.php?rest_route=\/wp\/v2\/pages\/5362","targetHints":{"allow":["GET"]}}],"collection":[{"href":"https:\/\/readymarket.place\/index.php?rest_route=\/wp\/v2\/pages"}],"about":[{"href":"https:\/\/readymarket.place\/index.php?rest_route=\/wp\/v2\/types\/page"}],"author":[{"embeddable":true,"href":"https:\/\/readymarket.place\/index.php?rest_route=\/wp\/v2\/users\/1"}],"replies":[{"embeddable":true,"href":"https:\/\/readymarket.place\/index.php?rest_route=%2Fwp%2Fv2%2Fcomments&post=5362"}],"version-history":[{"count":2,"href":"https:\/\/readymarket.place\/index.php?rest_route=\/wp\/v2\/pages\/5362\/revisions"}],"predecessor-version":[{"id":5385,"href":"https:\/\/readymarket.place\/index.php?rest_route=\/wp\/v2\/pages\/5362\/revisions\/5385"}],"wp:attachment":[{"href":"https:\/\/readymarket.place\/index.php?rest_route=%2Fwp%2Fv2%2Fmedia&parent=5362"}],"curies":[{"name":"wp","href":"https:\/\/api.w.org\/{rel}","templated":true}]}}