{"id":5228,"date":"2024-12-12T11:44:05","date_gmt":"2024-12-12T10:44:05","guid":{"rendered":"https:\/\/readymarket.place\/?page_id=5228"},"modified":"2024-12-23T11:52:44","modified_gmt":"2024-12-23T10:52:44","slug":"agb","status":"publish","type":"page","link":"https:\/\/readymarket.place\/?page_id=5228","title":{"rendered":"AGB"},"content":{"rendered":"<div class=\"fusion-fullwidth fullwidth-box fusion-builder-row-1 fusion-flex-container nonhundred-percent-fullwidth non-hundred-percent-height-scrolling\" style=\"--awb-border-radius-top-left:0px;--awb-border-radius-top-right:0px;--awb-border-radius-bottom-right:0px;--awb-border-radius-bottom-left:0px;--awb-flex-wrap:wrap;\" ><div class=\"fusion-builder-row fusion-row fusion-flex-align-items-flex-start fusion-flex-content-wrap\" style=\"max-width:1248px;margin-left: calc(-4% \/ 2 );margin-right: calc(-4% \/ 2 );\"><div class=\"fusion-layout-column fusion_builder_column fusion-builder-column-0 fusion_builder_column_1_1 1_1 fusion-flex-column\" style=\"--awb-bg-size:cover;--awb-width-large:100%;--awb-margin-top-large:0px;--awb-spacing-right-large:1.92%;--awb-margin-bottom-large:0px;--awb-spacing-left-large:1.92%;--awb-width-medium:100%;--awb-spacing-right-medium:1.92%;--awb-spacing-left-medium:1.92%;--awb-width-small:100%;--awb-spacing-right-small:1.92%;--awb-spacing-left-small:1.92%;\"><div class=\"fusion-column-wrapper fusion-flex-justify-content-flex-start fusion-content-layout-column\"><div class=\"fusion-text fusion-text-1\"><p><b>ALLGEMEINE GESCH\u00c4FTSBEDINGUNGEN <\/b><\/p>\n<p><b style=\"color: rgb(74, 78, 87);\">readymarket.place der readyplace AG<\/b><\/p>\n<\/p>\n<p>\u00a7 1 Geltungsbereich und Anbieter<\/p>\n<p>\u00a7 2 Vertragsschluss<\/p>\n<p>\u00a7 3 Preise<\/p>\n<p>\u00a7 4 Zahlungsbedingungen; Verzug<\/p>\n<p>\u00a7 5 Aufrechnung\/Zur\u00fcckbehaltungsrecht<\/p>\n<p>\u00a7 6 Lieferung \u00a7 7 Widerrufsbelehrung<\/p>\n<p>\u00a7 8 Gew\u00e4hrleistung<\/p>\n<p>\u00a7 9 Haftung<\/p>\n<p>\u00a7 10 Urheber- und Nutzungsrechte<\/p>\n<p>\u00a7 11 Alternative Streitbeilegung<\/p>\n<p>\u00a7 12 Schlussbestimmungen<\/p>\n<p>&#8212;&#8212;&#8212;&#8212;&#8212;&#8212;&#8212;&#8212;&#8212;&#8212;&#8212;&#8212;&#8212;&#8212;&#8212;&#8212;&#8212;&#8212;&#8212;&#8212;&#8212;&#8212;&#8212;&#8212;&#8212;<\/p>\n<p><b>\u00a7 1 Geltungsbereich und Anbieter<\/b><\/p>\n<p>(1) Diese Allgemeinen Gesch\u00e4ftsbedingungen gelten f\u00fcr alle Bestellungen, die Sie bei dem Online-Shop der readyplace AG, Oldenburg t\u00e4tigen.<\/p>\n<p>(2) Das digitale Warenangebot in unserem Online-Shop richtet sich ausschlie\u00dflich an Firmen, Organisationen oder Beh\u00f6rden.<\/p>\n<p>(3) Unsere Lieferungen, Leistungen und Angebote erfolgen ausschlie\u00dflich auf der Grundlage dieser Allgemeinen Gesch\u00e4ftsbedingungen. Die Allgemeinen Gesch\u00e4ftsbedingungen gelten gegen\u00fcber Unternehmen somit auch f\u00fcr alle k\u00fcnftigen Gesch\u00e4ftsbeziehungen, auch wenn sie nicht nochmals ausdr\u00fccklich vereinbart werden. Der Einbeziehung von Allgemeinen Gesch\u00e4ftsbedingungen eines Kunden, die unseren Allgemeinen Gesch\u00e4ftsbedingungen widersprechen, wird schon jetzt widersprochen.<\/p>\n<p>(4) Vertragssprache ist ausschlie\u00dflich deutsch.<\/p>\n<p>(5) Sie k\u00f6nnen die derzeit g\u00fcltigen Allgemeinen Gesch\u00e4ftsbedingungen auf unserer Website abrufen und ausdrucken. Eine Speicherung des Vertragstextes erfolgt nicht.<\/p>\n<p><b>\u00a7 2 Vertragsschluss<\/b><\/p>\n<p>(1) Die Warenpr\u00e4sentation im Online-Shop stellt keinen verbindlichen Antrag auf den Abschluss eines Kaufvertrages dar. Vielmehr handelt es sich um eine unverbindliche Aufforderung, im Online-Shop Waren zu bestellen.<\/p>\n<p>(2) Mit Anklicken des Buttons [\u201eJetzt zahlungspflichtig bestellen\u201c\/ \u201eKaufen\u201c] geben Sie ein verbindliches Kaufangebot ab (\u00a7 145 BGB). Unmittelbar vor Abgabe dieser Bestellung k\u00f6nnen Sie die Bestellung noch einmal \u00fcberpr\u00fcfen und ggf. korrigieren.<\/p>\n<p>(3) Erst durch Freischalten des Inhalts bzw. Bereitstellen eines Links kommt der Vertrag zustande.<\/p>\n<p><b>\u00a7 3 Preise<\/b><\/p>\n<p>Die auf den Produktseiten genannten Preise enthalten die gesetzliche Mehrwertsteuer und sonstige Preisbestandteile.<\/p>\n<p><b>\u00a7 4 Zahlungsbedingungen; Verzug<\/b><\/p>\n<p>(1) Die Zahlung erfolgt wahlweise per Kreditkarte, PayPal, Rechnung oder Lastschrift, je nach Konfiguration des Systems.<\/p>\n<p>(2) Die Auswahl der jeweils verf\u00fcgbaren Bezahlmethoden obliegt uns. Wir behalten uns insbesondere vor, Ihnen f\u00fcr die Bezahlung nur ausgew\u00e4hlte Bezahlmethoden anzubieten, beispielweise zur Absicherung unseres Kreditrisikos nur Vorkasse.<\/p>\n<p>(3) Bei Zahlung per Kreditkarte wird der Kaufpreis zum Zeitpunkt der Bestellung auf Ihrer Kreditkarte reserviert (Autorisierung). Die tats\u00e4chliche Belastung Ihres Kreditkartenkontos erfolgt in dem Zeitpunkt, in dem wir die Ware an Sie versenden, bzw. den Download zur Verf\u00fcgung stellen.<\/p>\n<p>(4) Bei der Bezahlung mit PayPal werden Sie im Bestellprozess auf die Webseite des Online-Anbieters PayPal weitergeleitet. Um den Rechnungsbetrag \u00fcber PayPal bezahlen zu k\u00f6nnen, m\u00fcssen Sie dort registriert sein bzw. sich erst registrieren, mit Ihren Zugangsdaten legitimieren und die Zahlungsanweisung an uns best\u00e4tigen. Nach Abgabe der Bestellung im Shop fordern wir PayPal zur Einleitung der Zahlungstransaktion auf. Weitere Hinweise erhalten Sie beim Bestellvorgang. Die Zahlungstransaktion wird durch PayPal unmittelbar danach automatisch durchgef\u00fchrt. <\/p>\n<p>(5) Bei Zahlung per Lastschrift haben Sie ggf. jene Kosten zu tragen, die infolge einer R\u00fcckbuchung einer Zahlungstransaktion mangels Kontodeckung oder aufgrund von Ihnen falsch \u00fcbermittelter Daten der Bankverbindung entstehen.<\/p>\n<p><b>\u00a7 5 Aufrechnung\/Zur\u00fcckbehaltungsrecht<\/b><\/p>\n<p>(1) Ein Recht zur Aufrechnung steht Ihnen nur dann zu, wenn Ihre Gegenforderung rechtskr\u00e4ftig festgestellt worden ist, von uns nicht bestritten oder anerkannt wird oder in einem engen gegenseitigem Verh\u00e4ltnis zu unserer Forderung steht.<\/p>\n<p>(2) Sie k\u00f6nnen ein Zur\u00fcckbehaltungsrecht nur aus\u00fcben, soweit Ihre Gegenforderung auf demselben Vertragsverh\u00e4ltnis beruht.<\/p>\n<p><b>\u00a7 6 Lieferung<\/b><\/p>\n<p>(1) Sofern nicht anders vereinbart, erfolgt die Lieferung der Ware durch das Bereitstellen eines Links. Dieser kann von Ihnen bet\u00e4tigt werden und startet den Download auf das von Ihnen gew\u00e4hlte Speichermedium.<\/p>\n<p>(2) Es liegt im Verantwortungsbereich des Kunden, eine geeignete Version des readyators bereitzuhalten, die ein ordnungsgem\u00e4\u00dfes \u00d6ffnen, Bearbeiten und Hochladen der Dateien erm\u00f6glicht (erfordert eine readyplace Lizenz).<\/p>\n<p><b>\u00a7 7 Widerrufsbelehrung<\/b><\/p>\n<p>Der readymarket Klick-Tutorial Shop der readyplace AG ist nicht f\u00fcr Endverbraucher zug\u00e4ngig. Daher entf\u00e4llt die Widerrufsbelehrung.<\/p>\n<p><b>\u00a7 8 Gew\u00e4hrleistung<\/b><\/p>\n<p>(1) Soweit nicht ausdr\u00fccklich etwas anderes vereinbart ist, richten sich Ihre Gew\u00e4hrleistungsanspr\u00fcche nach den gesetzlichen Bestimmungen des Kaufrechts (\u00a7\u00a7 433 ff. BGB).<\/p>\n<p>(2) Wir haften nur f\u00fcr Anspr\u00fcche aufgrund von Sch\u00e4den aus der Verletzung des Lebens, des K\u00f6rpers oder der Gesundheit oder aus der Verletzung einer wesentlichen Vertragspflicht, deren Erf\u00fcllung die ordnungsgem\u00e4\u00dfe Durchf\u00fchrung des Vertrags \u00fcberhaupt erst erm\u00f6glicht und auf deren Einhaltung der Vertragspartner regelm\u00e4\u00dfig vertrauen darf (Kardinalpflicht) sowie f\u00fcr Anspr\u00fcche aufgrund von sonstigen Sch\u00e4den, die auf einer vors\u00e4tzlichen oder grob fahrl\u00e4ssigen Pflichtverletzung des Verwenders oder seiner Erf\u00fcllungsgehilfen beruhen.<\/p>\n<p>(3) Wenn Sie Unternehmer im Sinne des \u00a7 14 BGB sind, gelten die gesetzlichen Bestimmungen mit folgenden Modifikationen: &#8211; F\u00fcr die Beschaffenheit der Ware sind nur unsere eigenen Angaben und die Produktbeschreibung des Herstellers verbindlich, nicht jedoch \u00f6ffentliche Anpreisungen und \u00c4u\u00dferungen und sonstige Werbung des Herstellers. &#8211; Sie sind verpflichtet, die Ware unverz\u00fcglich und mit der gebotenen Sorgfalt auf Qualit\u00e4ts- und Mengenabweichungen zu untersuchen und uns offensichtliche M\u00e4ngel binnen 7 Tagen ab Empfang der Ware anzuzeigen. Zur Fristwahrung reicht die rechtzeitige Absendung. Dies gilt auch f\u00fcr sp\u00e4ter festgestellte verdeckte M\u00e4ngel ab Entdeckung. Bei Verletzung der Untersuchungs- und R\u00fcgepflicht ist die Geltendmachung der Gew\u00e4hrleistungsanspr\u00fcche ausgeschlossen. &#8211; Bei M\u00e4ngeln leisten wir nach unserer Wahl Gew\u00e4hr durch Nachbesserung oder Ersatzlieferung (Nacherf\u00fcllung). Im Falle der Nachbesserung m\u00fcssen wir nicht die erh\u00f6hten Kosten tragen, die durch die Verbringung der Ware an einen anderen Ort als den Erf\u00fcllungsort entstehen, sofern die Verbringung nicht dem bestimmungsgem\u00e4\u00dfen Gebrauch der Ware entspricht. &#8211; Schl\u00e4gt die Nacherf\u00fcllung zweimal fehl, k\u00f6nnen Sie nach Ihrer Wahl Minderung verlangen oder vom Vertrag zur\u00fccktreten. &#8211; Die Gew\u00e4hrleistungsfrist betr\u00e4gt ein Jahr ab Ablieferung der Ware.<\/p>\n<p><b>\u00a7 9 Haftung<\/b><\/p>\n<p>(1) Unbeschr\u00e4nkte Haftung: Wir haften unbeschr\u00e4nkt f\u00fcr Vorsatz und grobe Fahrl\u00e4ssigkeit sowie nach Ma\u00dfgabe des Produkthaftungsgesetzes. F\u00fcr leichte Fahrl\u00e4ssigkeit haften wir bei Sch\u00e4den aus der Verletzung des Lebens, des K\u00f6rpers und der Gesundheit von Personen.<\/p>\n<p>(2) Im \u00dcbrigen gilt folgende beschr\u00e4nkte Haftung: Bei leichter Fahrl\u00e4ssigkeit haften wir nur im Falle der Verletzung einer wesentlichen Vertragspflicht, deren Erf\u00fcllung die ordnungsgem\u00e4\u00dfe Durchf\u00fchrung des Vertrags \u00fcberhaupt erst erm\u00f6glicht und auf deren Einhaltung Sie regelm\u00e4\u00dfig vertrauen d\u00fcrfen (Kardinalpflicht). Die Haftung f\u00fcr leichte Fahrl\u00e4ssigkeit ist der H\u00f6he nach beschr\u00e4nkt auf die bei Vertragsschluss vorhersehbaren Sch\u00e4den, mit deren Entstehung typischerweise gerechnet werden muss. Diese Haftungsbeschr\u00e4nkung gilt auch zugunsten unserer Erf\u00fcllungsgehilfen.<\/p>\n<p>(3) Es obliegt der Verantwortung des Kunden die bereitgestellten Klick-Tutorials in diesem Shop vor dem Upload in die readyplace Umgebung des Kunden auf Geeignetheit und Korrektheit zu pr\u00fcfen. Weder die readyplace AG noch der urspr\u00fcngliche Ersteller \u00fcbernimmt hierf\u00fcr die Verantwortung. Auch \u00fcbernimmt die readyplace AG oder der urspr\u00fcngliche Ersteller keine Verantwortung f\u00fcr das Bereitstellen von Aktualisierungen.<\/p>\n<p><b>\u00a7 10 Urheber- und Nutzungsrechte<\/b><\/p>\n<p>(1) Alle durch den Verk\u00e4ufer bereitgestellten digitalen Inhalte sind urheberrechtlich gesch\u00fctzt.<\/p>\n<p>(2) Der Kunde erwirbt ein zeitlich unbegrenztes, einfaches, nicht \u00fcbertragbares Nutzungsrecht ausschlie\u00dflich f\u00fcr den kommerziellen Gebrauch. Dem Kunden werden Verwertungsrechte einger\u00e4umt. Insbesondere darf er die erworbenen Titel in digitaler Form, vollst\u00e4ndig unter Verwendung der readyplace Plattform verbreiten (\u00a7 17 UrhG), ver\u00e4ndern, \u00f6ffentlich zug\u00e4nglich machen (\u00a7 19a UrhG). Dies ist allerdings abh\u00e4ngig von den konkreten readyplace Nutzungsvertr\u00e4gen. Es ist untersagt, diese Inhalte auf anderen Laufzeitumgebungen abzuspielen oder dorthin zu importieren oder \u00e4hnliche Ans\u00e4tze zu verfolgen (<span style=\"color: var(--awb-text-color); font-family: var(--awb-text-font-family); font-size: var(--awb-font-size); font-style: var(--awb-text-font-style); font-weight: var(--awb-text-font-weight); letter-spacing: var(--awb-letter-spacing); text-align: var(--awb-content-alignment); text-transform: var(--awb-text-transform); background-color: var(--awb-bg-color-hover);\">z.B. die Klick-Tutorials durch eine KI oder andere Algorythmen nachbauen zu lassen).<\/span><\/p>\n<p>(3) Die Einr\u00e4umung der Nutzungsrechte durch den Verk\u00e4ufer steht unter der aufschiebenden Bedingung der vollst\u00e4ndigen Kaufpreiszahlung sofern ein Kaufpreis verlangt wird.<\/p>\n<p>(4) Der Nutzer ist nicht berechtigt, Urheberrechtsvermerke, Markenzeichen oder andere Rechtsvorbehalte von den Waren zu entfernen.<\/p>\n<p>(5) Der Verk\u00e4ufer ist berechtigt, zum Download bereitgestellte digitale Inhalte mit sichtbaren und unsichtbaren Kennzeichnungen individuell zu personalisieren, um die Ermittlung und rechtliche Verfolgung des urspr\u00fcnglichen Bestellers im Falle einer missbr\u00e4uchlichen Nutzung zu erm\u00f6glichen.<\/p>\n<p>(6) Im Fall einer unberechtigten Nutzung der digitalen Inhalte durch den K\u00e4ufer oder einen Dritten verpflichtet sich der K\u00e4ufer zur Zahlung einer von uns nach billigem Ermessen festzusetzenden und im Streitfall vom zust\u00e4ndigen Gericht zu \u00fcberpr\u00fcfenden Vertragsstrafe pro Verletzungshandlung.<\/p>\n<p><b>\u00a7 11 Alternative Streitbeilegung<\/b><\/p>\n<p>(1) Die EU-Kommission hat eine Plattform f\u00fcr au\u00dfergerichtliche Streitschlichtung bereitgestellt. Verbrauchern gibt dies die M\u00f6glichkeit, Streitigkeiten im Zusammenhang mit Ihrer Online-Bestellung zun\u00e4chst ohne die Einschaltung eines Gerichts zu kl\u00e4ren. Die Streitbeilegungs-Plattform ist unter dem externen Link http:\/\/ec.europa.eu\/consumers\/odr\/ erreichbar. (2) Wir sind bem\u00fcht, eventuelle Meinungsverschiedenheiten aus unserem Vertrag einvernehmlich beizulegen. Dar\u00fcber hinaus sind wir zu einer Teilnahme an einem Schlichtungsverfahren nicht verpflichtet und k\u00f6nnen Ihnen die Teilnahme an einem solchen Verfahren leider auch nicht anbieten. \u00a7 12 Schlussbestimmungen (1) Sollten eine oder mehrere Bestimmungen dieser AGB unwirksam sein oder werden, wird dadurch die Wirksamkeit der anderen Bestimmungen im \u00dcbrigen nicht ber\u00fchrt.<\/p>\n<p>(2) Auf Vertr\u00e4ge zwischen uns und Ihnen ist ausschlie\u00dflich deutsches Recht anwendbar unter Ausschluss der Bestimmungen der United Nations Convention on Contracts for the International Sale of Goods (CISG, \u201eUNKaufrecht\u201c). Zwingende, verbraucherrechtliche Bestimmungen des Landes, in dem Sie sich gew\u00f6hnlich aufhalten, bleiben von der Rechtswahl unber\u00fchrt (insbesondere im Hinblick auf den Vertragsschluss und das Gew\u00e4hrleistungsrecht).<\/p>\n<p>(3) Sind Sie Kaufmann, juristische Person des \u00f6ffentlichen Rechts oder \u00f6ffentlichrechtliches Sonderverm\u00f6gen, so ist unser Gesch\u00e4ftssitz Gerichtsstand f\u00fcr alle Streitigkeiten aus oder im Zusammenhang mit Vertr\u00e4gen zwischen uns und Ihnen.<\/p>\n<\/p>\n<p>Stand: Dezember 2024<\/p>\n<\/p>\n<blockquote>\n<p>beruht auf einem Muster von<\/p>\n<p><span style=\"color: #000000; font-family: 'Quicksand, sans-serif'; font-size: 16px; font-style: normal; font-variant-ligatures: normal; font-variant-caps: normal; font-weight: 400; letter-spacing: normal; orphans: 2; text-align: left; text-indent: 0px; text-transform: none; widows: 2; word-spacing: 0px; -webkit-text-stroke-width: 0px; white-space: normal; background-color: #ffffff; text-decoration-thickness: initial; text-decoration-style: initial; text-decoration-color: initial; display: inline !important; float: none;\">H\u00c4RTING Rechtsanw\u00e4lte <\/span><br style=\"box-sizing: border-box; color: #000000; font-family: 'Quicksand, sans-serif'; font-size: 16px; font-style: normal; font-variant-ligatures: normal; font-variant-caps: normal; font-weight: 400; letter-spacing: normal; orphans: 2; text-align: left; text-indent: 0px; text-transform: none; widows: 2; word-spacing: 0px; -webkit-text-stroke-width: 0px; white-space: normal; background-color: #ffffff; text-decoration-thickness: initial; text-decoration-style: initial; text-decoration-color: initial;\"><span style=\"color: #000000; font-family: 'Quicksand, sans-serif'; font-size: 16px; font-style: normal; font-variant-ligatures: normal; font-variant-caps: normal; font-weight: 400; letter-spacing: normal; orphans: 2; text-align: left; text-indent: 0px; text-transform: none; widows: 2; word-spacing: 0px; -webkit-text-stroke-width: 0px; white-space: normal; background-color: #ffffff; text-decoration-thickness: initial; text-decoration-style: initial; text-decoration-color: initial; display: inline !important; float: none;\">Dr. Martin Schirmbacher <\/span><br style=\"box-sizing: border-box; color: #000000; font-family: 'Quicksand, sans-serif'; font-size: 16px; font-style: normal; font-variant-ligatures: normal; font-variant-caps: normal; font-weight: 400; letter-spacing: normal; orphans: 2; text-align: left; text-indent: 0px; text-transform: none; widows: 2; word-spacing: 0px; -webkit-text-stroke-width: 0px; white-space: normal; background-color: #ffffff; text-decoration-thickness: initial; text-decoration-style: initial; text-decoration-color: initial;\"><span style=\"color: #000000; font-family: 'Quicksand, sans-serif'; font-size: 16px; font-style: normal; font-variant-ligatures: normal; font-variant-caps: normal; font-weight: 400; letter-spacing: normal; orphans: 2; text-align: left; text-indent: 0px; text-transform: none; widows: 2; word-spacing: 0px; -webkit-text-stroke-width: 0px; white-space: normal; background-color: #ffffff; text-decoration-thickness: initial; text-decoration-style: initial; text-decoration-color: initial; display: inline !important; float: none;\">Rechtsanwalt | Fachanwalt f\u00fcr IT-Recht <\/span><br style=\"box-sizing: border-box; color: #000000; font-family: 'Quicksand, sans-serif'; font-size: 16px; font-style: normal; font-variant-ligatures: normal; font-variant-caps: normal; font-weight: 400; letter-spacing: normal; orphans: 2; text-align: left; text-indent: 0px; text-transform: none; widows: 2; word-spacing: 0px; -webkit-text-stroke-width: 0px; white-space: normal; background-color: #ffffff; text-decoration-thickness: initial; text-decoration-style: initial; text-decoration-color: initial;\"><span style=\"color: #000000; font-family: 'Quicksand, sans-serif'; font-size: 16px; font-style: normal; font-variant-ligatures: normal; font-variant-caps: normal; font-weight: 400; letter-spacing: normal; orphans: 2; text-align: left; text-indent: 0px; text-transform: none; widows: 2; word-spacing: 0px; -webkit-text-stroke-width: 0px; white-space: normal; background-color: #ffffff; text-decoration-thickness: initial; text-decoration-style: initial; text-decoration-color: initial; display: inline !important; float: none;\">Chausseestra\u00dfe 13 | 10115 Berlin <\/span><br style=\"box-sizing: border-box; color: #000000; font-family: 'Quicksand, sans-serif'; font-size: 16px; font-style: normal; font-variant-ligatures: normal; font-variant-caps: normal; font-weight: 400; letter-spacing: normal; orphans: 2; text-align: left; text-indent: 0px; text-transform: none; widows: 2; word-spacing: 0px; -webkit-text-stroke-width: 0px; white-space: normal; background-color: #ffffff; text-decoration-thickness: initial; text-decoration-style: initial; text-decoration-color: initial;\"><span style=\"color: #000000; font-family: 'Quicksand, sans-serif'; font-size: 16px; font-style: normal; font-variant-ligatures: normal; font-variant-caps: normal; font-weight: 400; letter-spacing: normal; orphans: 2; text-align: left; text-indent: 0px; text-transform: none; widows: 2; word-spacing: 0px; -webkit-text-stroke-width: 0px; white-space: normal; background-color: #ffffff; text-decoration-thickness: initial; text-decoration-style: initial; text-decoration-color: initial; display: inline !important; float: none;\">Tel +49 30 2830 57 453 <\/span><span style=\"color: #000000; font-family: 'Quicksand, sans-serif'; font-size: 16px; font-style: normal; font-variant-ligatures: normal; font-variant-caps: normal; font-weight: 400; letter-spacing: normal; orphans: 2; text-align: left; text-indent: 0px; text-transform: none; widows: 2; word-spacing: 0px; -webkit-text-stroke-width: 0px; white-space: normal; background-color: #ffffff; text-decoration-thickness: initial; text-decoration-style: initial; text-decoration-color: initial; display: inline !important; float: none;\">  <\/span><br style=\"box-sizing: border-box; color: #000000; font-family: 'Quicksand, sans-serif'; font-size: 16px; font-style: normal; font-variant-ligatures: normal; font-variant-caps: normal; font-weight: 400; letter-spacing: normal; orphans: 2; text-align: left; text-indent: 0px; text-transform: none; widows: 2; word-spacing: 0px; -webkit-text-stroke-width: 0px; white-space: normal; background-color: #ffffff; text-decoration-thickness: initial; text-decoration-style: initial; text-decoration-color: initial;\"><a style=\"box-sizing: border-box; color: #043f85; text-decoration: underline; background-color: rgba(255, 255, 255, 0); font-size: 16px; line-height: 24px; font-family: 'Raleway, sans-serif'; font-weight: 400; font-style: normal; font-variant-ligatures: normal; font-variant-caps: normal; letter-spacing: normal; orphans: 2; text-align: left; text-indent: 0px; text-transform: none; widows: 2; word-spacing: 0px; -webkit-text-stroke-width: 0px; white-space: normal;\" tabindex=\"0\" href=\"mailto:schirmbacher@haerting.de\">schirmbacher(at)haerting.de<\/a><\/p>\n<\/blockquote>\n<\/div><\/div><\/div><\/div><\/div>\n","protected":false},"excerpt":{"rendered":"","protected":false},"author":1,"featured_media":0,"parent":0,"menu_order":0,"comment_status":"closed","ping_status":"closed","template":"","meta":{"footnotes":""},"class_list":["post-5228","page","type-page","status-publish","hentry"],"_links":{"self":[{"href":"https:\/\/readymarket.place\/index.php?rest_route=\/wp\/v2\/pages\/5228","targetHints":{"allow":["GET"]}}],"collection":[{"href":"https:\/\/readymarket.place\/index.php?rest_route=\/wp\/v2\/pages"}],"about":[{"href":"https:\/\/readymarket.place\/index.php?rest_route=\/wp\/v2\/types\/page"}],"author":[{"embeddable":true,"href":"https:\/\/readymarket.place\/index.php?rest_route=\/wp\/v2\/users\/1"}],"replies":[{"embeddable":true,"href":"https:\/\/readymarket.place\/index.php?rest_route=%2Fwp%2Fv2%2Fcomments&post=5228"}],"version-history":[{"count":3,"href":"https:\/\/readymarket.place\/index.php?rest_route=\/wp\/v2\/pages\/5228\/revisions"}],"predecessor-version":[{"id":5327,"href":"https:\/\/readymarket.place\/index.php?rest_route=\/wp\/v2\/pages\/5228\/revisions\/5327"}],"wp:attachment":[{"href":"https:\/\/readymarket.place\/index.php?rest_route=%2Fwp%2Fv2%2Fmedia&parent=5228"}],"curies":[{"name":"wp","href":"https:\/\/api.w.org\/{rel}","templated":true}]}}